{"id":370,"date":"2021-08-20T11:50:58","date_gmt":"2021-08-20T11:50:58","guid":{"rendered":"https:\/\/angelarosa.com.mx\/index.php\/producto\/hybrid-cleansing-balm\/"},"modified":"2024-09-16T09:12:55","modified_gmt":"2024-09-16T16:12:55","slug":"jabon-para-piel-sensible","status":"publish","type":"product","link":"https:\/\/angelarosa.com.mx\/index.php\/producto\/jabon-para-piel-sensible\/","title":{"rendered":"Jab\u00f3n para piel sensible"},"content":{"rendered":"","protected":false},"excerpt":{"rendered":"<p>Jab\u00f3n saponificado sin aroma para piel m\u00e1s delicada, hecho con miel, yogurt, manzanilla, calendula y aceites vegetales.<\/p>\n<p>Peso 90 g.<\/p>\n<p><strong>INGREDIENTES:<\/strong><\/p>\n<p>Olea europaea (aceite de oliva), aqua (agua), yogurt, cocos nucifera (aceite de coco), persea gratissima (aceite de aguacate), sodium hydroxide, ricinus communis (aceite de ricino), theobroma cacao (manteca de cacao), butyrospermum parkii (manteca de karit\u00e9), chamomilla recutita (manzanilla),calendula ocinalis (cal\u00e9ndula), miel. Contiene un agente alcalino.<\/p>\n","protected":false},"featured_media":2284,"comment_status":"open","ping_status":"closed","template":"","meta":{"_uag_custom_page_level_css":"","site-sidebar-layout":"default","site-content-layout":"content-boxed-container","ast-site-content-layout":"normal-width-container","site-content-style":"boxed","site-sidebar-style":"unboxed","ast-global-header-display":"","ast-banner-title-visibility":"","ast-main-header-display":"","ast-hfb-above-header-display":"","ast-hfb-below-header-display":"","ast-hfb-mobile-header-display":"","site-post-title":"","ast-breadcrumbs-content":"","ast-featured-img":"","footer-sml-layout":"","ast-disable-related-posts":"","theme-transparent-header-meta":"default","adv-header-id-meta":"","stick-header-meta":"","header-above-stick-meta":"","header-main-stick-meta":"","header-below-stick-meta":"","astra-migrate-meta-layouts":"set","ast-page-background-enabled":"default","ast-page-background-meta":{"desktop":{"background-color":"var(--ast-global-color-4)","background-image":"","background-repeat":"repeat","background-position":"center center","background-size":"auto","background-attachment":"scroll","background-type":"","background-media":"","overlay-type":"","overlay-color":"","overlay-opacity":"","overlay-gradient":""},"tablet":{"background-color":"","background-image":"","background-repeat":"repeat","background-position":"center center","background-size":"auto","background-attachment":"scroll","background-type":"","background-media":"","overlay-type":"","overlay-color":"","overlay-opacity":"","overlay-gradient":""},"mobile":{"background-color":"","background-image":"","background-repeat":"repeat","background-position":"center center","background-size":"auto","background-attachment":"scroll","background-type":"","background-media":"","overlay-type":"","overlay-color":"","overlay-opacity":"","overlay-gradient":""}},"ast-content-background-meta":{"desktop":{"background-color":"var(--ast-global-color-5)","background-image":"","background-repeat":"repeat","background-position":"center center","background-size":"auto","background-attachment":"scroll","background-type":"","background-media":"","overlay-type":"","overlay-color":"","overlay-opacity":"","overlay-gradient":""},"tablet":{"background-color":"var(--ast-global-color-5)","background-image":"","background-repeat":"repeat","background-position":"center center","background-size":"auto","background-attachment":"scroll","background-type":"","background-media":"","overlay-type":"","overlay-color":"","overlay-opacity":"","overlay-gradient":""},"mobile":{"background-color":"var(--ast-global-color-5)","background-image":"","background-repeat":"repeat","background-position":"center center","background-size":"auto","background-attachment":"scroll","background-type":"","background-media":"","overlay-type":"","overlay-color":"","overlay-opacity":"","overlay-gradient":""}}},"product_brand":[],"product_cat":[33],"product_tag":[],"class_list":{"0":"post-370","1":"product","2":"type-product","3":"status-publish","4":"has-post-thumbnail","6":"product_cat-jabones-artesanales","7":"desktop-align-left","8":"tablet-align-left","9":"mobile-align-left","11":"first","12":"instock","13":"shipping-taxable","14":"purchasable","15":"product-type-simple"},"yoast_head":"<!-- This site is optimized with the Yoast SEO plugin v27.4 - https:\/\/yoast.com\/product\/yoast-seo-wordpress\/ -->\n<title>Jab\u00f3n para piel sensible - Angela Rosa Cosmetica Natural<\/title>\n<meta name=\"robots\" content=\"index, follow, max-snippet:-1, max-image-preview:large, max-video-preview:-1\" \/>\n<link rel=\"canonical\" href=\"https:\/\/angelarosa.com.mx\/index.php\/producto\/jabon-para-piel-sensible\/\" \/>\n<meta property=\"og:locale\" content=\"es_ES\" \/>\n<meta property=\"og:type\" content=\"article\" \/>\n<meta property=\"og:title\" content=\"Jab\u00f3n para piel sensible - Angela Rosa Cosmetica Natural\" \/>\n<meta property=\"og:description\" content=\"Jab\u00f3n saponificado sin aroma para piel m\u00e1s delicada, hecho con miel, yogurt, manzanilla, calendula y aceites vegetales.  Peso 90 g.  INGREDIENTES:  Olea europaea (aceite de oliva), aqua (agua), yogurt, cocos nucifera (aceite de coco), persea gratissima (aceite de aguacate), sodium hydroxide, ricinus communis (aceite de ricino), theobroma cacao (manteca de cacao), butyrospermum parkii (manteca de karit\u00e9), chamomilla recutita (manzanilla),calendula ocinalis (cal\u00e9ndula), miel. Contiene un agente alcalino.\" \/>\n<meta property=\"og:url\" content=\"https:\/\/angelarosa.com.mx\/index.php\/producto\/jabon-para-piel-sensible\/\" \/>\n<meta property=\"og:site_name\" content=\"Angela Rosa Cosmetica Natural\" \/>\n<meta property=\"article:publisher\" content=\"https:\/\/facebook.com\/angelarosa.mx\" \/>\n<meta property=\"article:modified_time\" content=\"2024-09-16T16:12:55+00:00\" \/>\n<meta property=\"og:image\" content=\"https:\/\/i0.wp.com\/angelarosa.com.mx\/wp-content\/uploads\/2021\/08\/Jabon-Piel-Sensible.png?fit=1080%2C1080&ssl=1\" \/>\n\t<meta property=\"og:image:width\" content=\"1080\" \/>\n\t<meta property=\"og:image:height\" content=\"1080\" \/>\n\t<meta property=\"og:image:type\" content=\"image\/png\" \/>\n<meta name=\"twitter:card\" content=\"summary_large_image\" \/>\n<script type=\"application\/ld+json\" class=\"yoast-schema-graph\">{\"@context\":\"https:\\\/\\\/schema.org\",\"@graph\":[{\"@type\":\"WebPage\",\"@id\":\"https:\\\/\\\/angelarosa.com.mx\\\/index.php\\\/producto\\\/jabon-para-piel-sensible\\\/\",\"url\":\"https:\\\/\\\/angelarosa.com.mx\\\/index.php\\\/producto\\\/jabon-para-piel-sensible\\\/\",\"name\":\"Jab\u00f3n para piel sensible - Angela Rosa Cosmetica Natural\",\"isPartOf\":{\"@id\":\"https:\\\/\\\/angelarosa.com.mx\\\/#website\"},\"primaryImageOfPage\":{\"@id\":\"https:\\\/\\\/angelarosa.com.mx\\\/index.php\\\/producto\\\/jabon-para-piel-sensible\\\/#primaryimage\"},\"image\":{\"@id\":\"https:\\\/\\\/angelarosa.com.mx\\\/index.php\\\/producto\\\/jabon-para-piel-sensible\\\/#primaryimage\"},\"thumbnailUrl\":\"https:\\\/\\\/i0.wp.com\\\/angelarosa.com.mx\\\/wp-content\\\/uploads\\\/2021\\\/08\\\/Jabon-Piel-Sensible.png?fit=1080%2C1080&ssl=1\",\"datePublished\":\"2021-08-20T11:50:58+00:00\",\"dateModified\":\"2024-09-16T16:12:55+00:00\",\"breadcrumb\":{\"@id\":\"https:\\\/\\\/angelarosa.com.mx\\\/index.php\\\/producto\\\/jabon-para-piel-sensible\\\/#breadcrumb\"},\"inLanguage\":\"es\",\"potentialAction\":[{\"@type\":\"ReadAction\",\"target\":[\"https:\\\/\\\/angelarosa.com.mx\\\/index.php\\\/producto\\\/jabon-para-piel-sensible\\\/\"]}]},{\"@type\":\"ImageObject\",\"inLanguage\":\"es\",\"@id\":\"https:\\\/\\\/angelarosa.com.mx\\\/index.php\\\/producto\\\/jabon-para-piel-sensible\\\/#primaryimage\",\"url\":\"https:\\\/\\\/i0.wp.com\\\/angelarosa.com.mx\\\/wp-content\\\/uploads\\\/2021\\\/08\\\/Jabon-Piel-Sensible.png?fit=1080%2C1080&ssl=1\",\"contentUrl\":\"https:\\\/\\\/i0.wp.com\\\/angelarosa.com.mx\\\/wp-content\\\/uploads\\\/2021\\\/08\\\/Jabon-Piel-Sensible.png?fit=1080%2C1080&ssl=1\",\"width\":1080,\"height\":1080},{\"@type\":\"BreadcrumbList\",\"@id\":\"https:\\\/\\\/angelarosa.com.mx\\\/index.php\\\/producto\\\/jabon-para-piel-sensible\\\/#breadcrumb\",\"itemListElement\":[{\"@type\":\"ListItem\",\"position\":1,\"name\":\"Home\",\"item\":\"https:\\\/\\\/angelarosa.com.mx\\\/\"},{\"@type\":\"ListItem\",\"position\":2,\"name\":\"Tienda\",\"item\":\"https:\\\/\\\/angelarosa.com.mx\\\/index.php\\\/shop\\\/\"},{\"@type\":\"ListItem\",\"position\":3,\"name\":\"Jab\u00f3n para piel sensible\"}]},{\"@type\":\"WebSite\",\"@id\":\"https:\\\/\\\/angelarosa.com.mx\\\/#website\",\"url\":\"https:\\\/\\\/angelarosa.com.mx\\\/\",\"name\":\"Angela Rosa Cosmetica Natural\",\"description\":\"\",\"publisher\":{\"@id\":\"https:\\\/\\\/angelarosa.com.mx\\\/#organization\"},\"potentialAction\":[{\"@type\":\"SearchAction\",\"target\":{\"@type\":\"EntryPoint\",\"urlTemplate\":\"https:\\\/\\\/angelarosa.com.mx\\\/?s={search_term_string}\"},\"query-input\":{\"@type\":\"PropertyValueSpecification\",\"valueRequired\":true,\"valueName\":\"search_term_string\"}}],\"inLanguage\":\"es\"},{\"@type\":\"Organization\",\"@id\":\"https:\\\/\\\/angelarosa.com.mx\\\/#organization\",\"name\":\"Angela Rosa Cosmetica Natural\",\"url\":\"https:\\\/\\\/angelarosa.com.mx\\\/\",\"logo\":{\"@type\":\"ImageObject\",\"inLanguage\":\"es\",\"@id\":\"https:\\\/\\\/angelarosa.com.mx\\\/#\\\/schema\\\/logo\\\/image\\\/\",\"url\":\"https:\\\/\\\/i0.wp.com\\\/angelarosa.com.mx\\\/wp-content\\\/uploads\\\/2025\\\/04\\\/logo-nuevo.png?fit=1414%2C1024&ssl=1\",\"contentUrl\":\"https:\\\/\\\/i0.wp.com\\\/angelarosa.com.mx\\\/wp-content\\\/uploads\\\/2025\\\/04\\\/logo-nuevo.png?fit=1414%2C1024&ssl=1\",\"width\":1414,\"height\":1024,\"caption\":\"Angela Rosa Cosmetica Natural\"},\"image\":{\"@id\":\"https:\\\/\\\/angelarosa.com.mx\\\/#\\\/schema\\\/logo\\\/image\\\/\"},\"sameAs\":[\"https:\\\/\\\/facebook.com\\\/angelarosa.mx\",\"https:\\\/\\\/instagram.com\\\/angelarosa.mx\"]}]}<\/script>\n<!-- \/ Yoast SEO plugin. -->","yoast_head_json":{"title":"Jab\u00f3n para piel sensible - Angela Rosa Cosmetica Natural","robots":{"index":"index","follow":"follow","max-snippet":"max-snippet:-1","max-image-preview":"max-image-preview:large","max-video-preview":"max-video-preview:-1"},"canonical":"https:\/\/angelarosa.com.mx\/index.php\/producto\/jabon-para-piel-sensible\/","og_locale":"es_ES","og_type":"article","og_title":"Jab\u00f3n para piel sensible - Angela Rosa Cosmetica Natural","og_description":"Jab\u00f3n saponificado sin aroma para piel m\u00e1s delicada, hecho con miel, yogurt, manzanilla, calendula y aceites vegetales.  Peso 90 g.  INGREDIENTES:  Olea europaea (aceite de oliva), aqua (agua), yogurt, cocos nucifera (aceite de coco), persea gratissima (aceite de aguacate), sodium hydroxide, ricinus communis (aceite de ricino), theobroma cacao (manteca de cacao), butyrospermum parkii (manteca de karit\u00e9), chamomilla recutita (manzanilla),calendula ocinalis (cal\u00e9ndula), miel. Contiene un agente alcalino.","og_url":"https:\/\/angelarosa.com.mx\/index.php\/producto\/jabon-para-piel-sensible\/","og_site_name":"Angela Rosa Cosmetica Natural","article_publisher":"https:\/\/facebook.com\/angelarosa.mx","article_modified_time":"2024-09-16T16:12:55+00:00","og_image":[{"width":1080,"height":1080,"url":"https:\/\/i0.wp.com\/angelarosa.com.mx\/wp-content\/uploads\/2021\/08\/Jabon-Piel-Sensible.png?fit=1080%2C1080&ssl=1","type":"image\/png"}],"twitter_card":"summary_large_image","schema":{"@context":"https:\/\/schema.org","@graph":[{"@type":"WebPage","@id":"https:\/\/angelarosa.com.mx\/index.php\/producto\/jabon-para-piel-sensible\/","url":"https:\/\/angelarosa.com.mx\/index.php\/producto\/jabon-para-piel-sensible\/","name":"Jab\u00f3n para piel sensible - Angela Rosa Cosmetica Natural","isPartOf":{"@id":"https:\/\/angelarosa.com.mx\/#website"},"primaryImageOfPage":{"@id":"https:\/\/angelarosa.com.mx\/index.php\/producto\/jabon-para-piel-sensible\/#primaryimage"},"image":{"@id":"https:\/\/angelarosa.com.mx\/index.php\/producto\/jabon-para-piel-sensible\/#primaryimage"},"thumbnailUrl":"https:\/\/i0.wp.com\/angelarosa.com.mx\/wp-content\/uploads\/2021\/08\/Jabon-Piel-Sensible.png?fit=1080%2C1080&ssl=1","datePublished":"2021-08-20T11:50:58+00:00","dateModified":"2024-09-16T16:12:55+00:00","breadcrumb":{"@id":"https:\/\/angelarosa.com.mx\/index.php\/producto\/jabon-para-piel-sensible\/#breadcrumb"},"inLanguage":"es","potentialAction":[{"@type":"ReadAction","target":["https:\/\/angelarosa.com.mx\/index.php\/producto\/jabon-para-piel-sensible\/"]}]},{"@type":"ImageObject","inLanguage":"es","@id":"https:\/\/angelarosa.com.mx\/index.php\/producto\/jabon-para-piel-sensible\/#primaryimage","url":"https:\/\/i0.wp.com\/angelarosa.com.mx\/wp-content\/uploads\/2021\/08\/Jabon-Piel-Sensible.png?fit=1080%2C1080&ssl=1","contentUrl":"https:\/\/i0.wp.com\/angelarosa.com.mx\/wp-content\/uploads\/2021\/08\/Jabon-Piel-Sensible.png?fit=1080%2C1080&ssl=1","width":1080,"height":1080},{"@type":"BreadcrumbList","@id":"https:\/\/angelarosa.com.mx\/index.php\/producto\/jabon-para-piel-sensible\/#breadcrumb","itemListElement":[{"@type":"ListItem","position":1,"name":"Home","item":"https:\/\/angelarosa.com.mx\/"},{"@type":"ListItem","position":2,"name":"Tienda","item":"https:\/\/angelarosa.com.mx\/index.php\/shop\/"},{"@type":"ListItem","position":3,"name":"Jab\u00f3n para piel sensible"}]},{"@type":"WebSite","@id":"https:\/\/angelarosa.com.mx\/#website","url":"https:\/\/angelarosa.com.mx\/","name":"Angela Rosa Cosmetica Natural","description":"","publisher":{"@id":"https:\/\/angelarosa.com.mx\/#organization"},"potentialAction":[{"@type":"SearchAction","target":{"@type":"EntryPoint","urlTemplate":"https:\/\/angelarosa.com.mx\/?s={search_term_string}"},"query-input":{"@type":"PropertyValueSpecification","valueRequired":true,"valueName":"search_term_string"}}],"inLanguage":"es"},{"@type":"Organization","@id":"https:\/\/angelarosa.com.mx\/#organization","name":"Angela Rosa Cosmetica Natural","url":"https:\/\/angelarosa.com.mx\/","logo":{"@type":"ImageObject","inLanguage":"es","@id":"https:\/\/angelarosa.com.mx\/#\/schema\/logo\/image\/","url":"https:\/\/i0.wp.com\/angelarosa.com.mx\/wp-content\/uploads\/2025\/04\/logo-nuevo.png?fit=1414%2C1024&ssl=1","contentUrl":"https:\/\/i0.wp.com\/angelarosa.com.mx\/wp-content\/uploads\/2025\/04\/logo-nuevo.png?fit=1414%2C1024&ssl=1","width":1414,"height":1024,"caption":"Angela Rosa Cosmetica Natural"},"image":{"@id":"https:\/\/angelarosa.com.mx\/#\/schema\/logo\/image\/"},"sameAs":["https:\/\/facebook.com\/angelarosa.mx","https:\/\/instagram.com\/angelarosa.mx"]}]}},"uagb_featured_image_src":{"full":["https:\/\/i0.wp.com\/angelarosa.com.mx\/wp-content\/uploads\/2021\/08\/Jabon-Piel-Sensible.png?fit=1080%2C1080&ssl=1",1080,1080,false],"thumbnail":["https:\/\/i0.wp.com\/angelarosa.com.mx\/wp-content\/uploads\/2021\/08\/Jabon-Piel-Sensible.png?resize=150%2C150&ssl=1",150,150,true],"medium":["https:\/\/i0.wp.com\/angelarosa.com.mx\/wp-content\/uploads\/2021\/08\/Jabon-Piel-Sensible.png?fit=300%2C300&ssl=1",300,300,true],"medium_large":["https:\/\/i0.wp.com\/angelarosa.com.mx\/wp-content\/uploads\/2021\/08\/Jabon-Piel-Sensible.png?fit=768%2C768&ssl=1",768,768,true],"large":["https:\/\/i0.wp.com\/angelarosa.com.mx\/wp-content\/uploads\/2021\/08\/Jabon-Piel-Sensible.png?fit=1024%2C1024&ssl=1",1024,1024,true],"1536x1536":["https:\/\/i0.wp.com\/angelarosa.com.mx\/wp-content\/uploads\/2021\/08\/Jabon-Piel-Sensible.png?fit=1080%2C1080&ssl=1",1080,1080,true],"2048x2048":["https:\/\/i0.wp.com\/angelarosa.com.mx\/wp-content\/uploads\/2021\/08\/Jabon-Piel-Sensible.png?fit=1080%2C1080&ssl=1",1080,1080,true],"mailpoet_newsletter_max":["https:\/\/i0.wp.com\/angelarosa.com.mx\/wp-content\/uploads\/2021\/08\/Jabon-Piel-Sensible.png?fit=1080%2C1080&ssl=1",1080,1080,true],"woocommerce_thumbnail":["https:\/\/i0.wp.com\/angelarosa.com.mx\/wp-content\/uploads\/2021\/08\/Jabon-Piel-Sensible.png?resize=300%2C300&ssl=1",300,300,true],"woocommerce_single":["https:\/\/i0.wp.com\/angelarosa.com.mx\/wp-content\/uploads\/2021\/08\/Jabon-Piel-Sensible.png?fit=600%2C600&ssl=1",600,600,true],"woocommerce_gallery_thumbnail":["https:\/\/i0.wp.com\/angelarosa.com.mx\/wp-content\/uploads\/2021\/08\/Jabon-Piel-Sensible.png?resize=100%2C100&ssl=1",100,100,true]},"uagb_author_info":{"display_name":"Lorena","author_link":"https:\/\/angelarosa.com.mx\/index.php\/author\/"},"uagb_comment_info":0,"uagb_excerpt":"Jab\u00f3n saponificado sin aroma para piel m\u00e1s delicada, hecho con miel, yogurt, manzanilla, calendula y aceites vegetales. Peso 90 g. INGREDIENTES: Olea europaea (aceite de oliva), aqua (agua), yogurt, cocos nucifera (aceite de coco), persea gratissima (aceite de aguacate), sodium hydroxide, ricinus communis (aceite de ricino), theobroma cacao (manteca de cacao), butyrospermum parkii (manteca de&hellip;","jetpack_sharing_enabled":true,"_links":{"self":[{"href":"https:\/\/angelarosa.com.mx\/index.php\/wp-json\/wp\/v2\/product\/370","targetHints":{"allow":["GET"]}}],"collection":[{"href":"https:\/\/angelarosa.com.mx\/index.php\/wp-json\/wp\/v2\/product"}],"about":[{"href":"https:\/\/angelarosa.com.mx\/index.php\/wp-json\/wp\/v2\/types\/product"}],"replies":[{"embeddable":true,"href":"https:\/\/angelarosa.com.mx\/index.php\/wp-json\/wp\/v2\/comments?post=370"}],"wp:featuredmedia":[{"embeddable":true,"href":"https:\/\/angelarosa.com.mx\/index.php\/wp-json\/wp\/v2\/media\/2284"}],"wp:attachment":[{"href":"https:\/\/angelarosa.com.mx\/index.php\/wp-json\/wp\/v2\/media?parent=370"}],"wp:term":[{"taxonomy":"product_brand","embeddable":true,"href":"https:\/\/angelarosa.com.mx\/index.php\/wp-json\/wp\/v2\/product_brand?post=370"},{"taxonomy":"product_cat","embeddable":true,"href":"https:\/\/angelarosa.com.mx\/index.php\/wp-json\/wp\/v2\/product_cat?post=370"},{"taxonomy":"product_tag","embeddable":true,"href":"https:\/\/angelarosa.com.mx\/index.php\/wp-json\/wp\/v2\/product_tag?post=370"}],"curies":[{"name":"wp","href":"https:\/\/api.w.org\/{rel}","templated":true}]}}